{"id":847,"date":"2021-02-23T23:02:56","date_gmt":"2021-02-23T22:02:56","guid":{"rendered":"https:\/\/pinkanatural.com\/?page_id=847"},"modified":"2022-09-07T21:52:29","modified_gmt":"2022-09-07T20:52:29","slug":"olive-oil","status":"publish","type":"page","link":"https:\/\/pinkanatural.com\/en\/olive-oil\/","title":{"rendered":"Olive oil"},"content":{"rendered":"<div data-elementor-type=\"wp-page\" data-elementor-id=\"847\" class=\"elementor elementor-847\" data-elementor-settings=\"[]\">\n\t\t\t\t\t\t<div class=\"elementor-inner\">\n\t\t\t\t\t\t\t<div class=\"elementor-section-wrap\">\n\t\t\t\t\t\t\t<section class=\"elementor-section elementor-top-section elementor-element elementor-element-03348d6 elementor-section-boxed elementor-section-height-default elementor-section-height-default\" data-id=\"03348d6\" data-element_type=\"section\">\n\t\t\t\t\t\t<div class=\"elementor-container elementor-column-gap-default\">\n\t\t\t\t\t\t\t<div class=\"elementor-row\">\n\t\t\t\t\t<div class=\"elementor-column elementor-col-100 elementor-top-column elementor-element elementor-element-75231ad\" data-id=\"75231ad\" data-element_type=\"column\">\n\t\t\t<div class=\"elementor-column-wrap elementor-element-populated\">\n\t\t\t\t\t\t\t<div class=\"elementor-widget-wrap\">\n\t\t\t\t\t\t<section class=\"elementor-section elementor-inner-section elementor-element elementor-element-bb8af99 elementor-section-boxed elementor-section-height-default elementor-section-height-default\" data-id=\"bb8af99\" data-element_type=\"section\">\n\t\t\t\t\t\t<div class=\"elementor-container elementor-column-gap-default\">\n\t\t\t\t\t\t\t<div class=\"elementor-row\">\n\t\t\t\t\t<div class=\"elementor-column elementor-col-33 elementor-inner-column elementor-element elementor-element-4071051\" data-id=\"4071051\" data-element_type=\"column\">\n\t\t\t<div class=\"elementor-column-wrap elementor-element-populated\">\n\t\t\t\t\t\t\t<div class=\"elementor-widget-wrap\">\n\t\t\t\t\t\t<div class=\"elementor-element elementor-element-7dda2f0 elementor-widget elementor-widget-image\" data-id=\"7dda2f0\" data-element_type=\"widget\" data-widget_type=\"image.default\">\n\t\t\t\t<div class=\"elementor-widget-container\">\n\t\t\t\t\t<div class=\"elementor-image\">\n\t\t\t\t\t\t\t\t\t\t<img width=\"581\" height=\"1024\" src=\"https:\/\/pinkanatural.com\/wp-content\/uploads\/2021\/11\/075_web-581x1024.jpg\" class=\"attachment-large size-large\" alt=\"\" loading=\"lazy\" srcset=\"https:\/\/pinkanatural.com\/wp-content\/uploads\/2021\/11\/075_web-581x1024.jpg 581w, https:\/\/pinkanatural.com\/wp-content\/uploads\/2021\/11\/075_web-170x300.jpg 170w, https:\/\/pinkanatural.com\/wp-content\/uploads\/2021\/11\/075_web-768x1355.jpg 768w, https:\/\/pinkanatural.com\/wp-content\/uploads\/2021\/11\/075_web-871x1536.jpg 871w, https:\/\/pinkanatural.com\/wp-content\/uploads\/2021\/11\/075_web-1161x2048.jpg 1161w, https:\/\/pinkanatural.com\/wp-content\/uploads\/2021\/11\/075_web-7x12.jpg 7w, https:\/\/pinkanatural.com\/wp-content\/uploads\/2021\/11\/075_web-34x60.jpg 34w, https:\/\/pinkanatural.com\/wp-content\/uploads\/2021\/11\/075_web-600x1058.jpg 600w, https:\/\/pinkanatural.com\/wp-content\/uploads\/2021\/11\/075_web-scaled.jpg 1451w\" sizes=\"(max-width: 581px) 100vw, 581px\" \/>\t\t\t\t\t\t\t\t\t\t\t<\/div>\n\t\t\t\t<\/div>\n\t\t\t\t<\/div>\n\t\t\t\t<div class=\"elementor-element elementor-element-6399e8b elementor-widget elementor-widget-text-editor\" data-id=\"6399e8b\" data-element_type=\"widget\" data-widget_type=\"text-editor.default\">\n\t\t\t\t<div class=\"elementor-widget-container\">\n\t\t\t\t\t<div class=\"elementor-text-editor elementor-clearfix\"><\/div>\n\t\t\t\t<\/div>\n\t\t\t\t<\/div>\n\t\t\t\t<div class=\"elementor-element elementor-element-fc0cae8 elementor-widget elementor-widget-image\" data-id=\"fc0cae8\" data-element_type=\"widget\" data-widget_type=\"image.default\">\n\t\t\t\t<div class=\"elementor-widget-container\">\n\t\t\t\t\t<div class=\"elementor-image\">\n\t\t\t\t\t\t\t\t\t\t<img width=\"654\" height=\"1024\" src=\"https:\/\/pinkanatural.com\/wp-content\/uploads\/2021\/11\/lipotica-025_maslina-654x1024.jpg\" class=\"attachment-large size-large\" alt=\"\" loading=\"lazy\" srcset=\"https:\/\/pinkanatural.com\/wp-content\/uploads\/2021\/11\/lipotica-025_maslina-654x1024.jpg 654w, https:\/\/pinkanatural.com\/wp-content\/uploads\/2021\/11\/lipotica-025_maslina-192x300.jpg 192w, https:\/\/pinkanatural.com\/wp-content\/uploads\/2021\/11\/lipotica-025_maslina-768x1202.jpg 768w, https:\/\/pinkanatural.com\/wp-content\/uploads\/2021\/11\/lipotica-025_maslina-981x1536.jpg 981w, https:\/\/pinkanatural.com\/wp-content\/uploads\/2021\/11\/lipotica-025_maslina-1309x2048.jpg 1309w, https:\/\/pinkanatural.com\/wp-content\/uploads\/2021\/11\/lipotica-025_maslina-8x12.jpg 8w, https:\/\/pinkanatural.com\/wp-content\/uploads\/2021\/11\/lipotica-025_maslina-38x60.jpg 38w, https:\/\/pinkanatural.com\/wp-content\/uploads\/2021\/11\/lipotica-025_maslina-600x939.jpg 600w, https:\/\/pinkanatural.com\/wp-content\/uploads\/2021\/11\/lipotica-025_maslina-scaled.jpg 1636w\" sizes=\"(max-width: 654px) 100vw, 654px\" \/>\t\t\t\t\t\t\t\t\t\t\t<\/div>\n\t\t\t\t<\/div>\n\t\t\t\t<\/div>\n\t\t\t\t\t\t<\/div>\n\t\t\t\t\t<\/div>\n\t\t<\/div>\n\t\t\t\t<div class=\"elementor-column elementor-col-33 elementor-inner-column elementor-element elementor-element-f5bb25d\" data-id=\"f5bb25d\" data-element_type=\"column\">\n\t\t\t<div class=\"elementor-column-wrap elementor-element-populated\">\n\t\t\t\t\t\t\t<div class=\"elementor-widget-wrap\">\n\t\t\t\t\t\t<div class=\"elementor-element elementor-element-e5faf12 elementor-widget elementor-widget-text-editor\" data-id=\"e5faf12\" data-element_type=\"widget\" data-widget_type=\"text-editor.default\">\n\t\t\t\t<div class=\"elementor-widget-container\">\n\t\t\t\t\t<div class=\"elementor-text-editor elementor-clearfix\"><\/div>\n\t\t\t\t<\/div>\n\t\t\t\t<\/div>\n\t\t\t\t<div class=\"elementor-element elementor-element-8367422 elementor-widget elementor-widget-image\" data-id=\"8367422\" data-element_type=\"widget\" data-widget_type=\"image.default\">\n\t\t\t\t<div class=\"elementor-widget-container\">\n\t\t\t\t\t<div class=\"elementor-image\">\n\t\t\t\t\t\t\t\t\t\t<img width=\"670\" height=\"1024\" src=\"https:\/\/pinkanatural.com\/wp-content\/uploads\/2021\/11\/lipotica-05_maslina-670x1024.jpg\" class=\"attachment-large size-large\" alt=\"\" loading=\"lazy\" srcset=\"https:\/\/pinkanatural.com\/wp-content\/uploads\/2021\/11\/lipotica-05_maslina-670x1024.jpg 670w, https:\/\/pinkanatural.com\/wp-content\/uploads\/2021\/11\/lipotica-05_maslina-196x300.jpg 196w, https:\/\/pinkanatural.com\/wp-content\/uploads\/2021\/11\/lipotica-05_maslina-768x1173.jpg 768w, https:\/\/pinkanatural.com\/wp-content\/uploads\/2021\/11\/lipotica-05_maslina-1006x1536.jpg 1006w, https:\/\/pinkanatural.com\/wp-content\/uploads\/2021\/11\/lipotica-05_maslina-1341x2048.jpg 1341w, https:\/\/pinkanatural.com\/wp-content\/uploads\/2021\/11\/lipotica-05_maslina-8x12.jpg 8w, https:\/\/pinkanatural.com\/wp-content\/uploads\/2021\/11\/lipotica-05_maslina-39x60.jpg 39w, https:\/\/pinkanatural.com\/wp-content\/uploads\/2021\/11\/lipotica-05_maslina-600x916.jpg 600w, https:\/\/pinkanatural.com\/wp-content\/uploads\/2021\/11\/lipotica-05_maslina-scaled.jpg 1676w\" sizes=\"(max-width: 670px) 100vw, 670px\" \/>\t\t\t\t\t\t\t\t\t\t\t<\/div>\n\t\t\t\t<\/div>\n\t\t\t\t<\/div>\n\t\t\t\t<div class=\"elementor-element elementor-element-f081361 elementor-widget elementor-widget-image\" data-id=\"f081361\" data-element_type=\"widget\" data-widget_type=\"image.default\">\n\t\t\t\t<div class=\"elementor-widget-container\">\n\t\t\t\t\t<div class=\"elementor-image\">\n\t\t\t\t\t\t\t\t\t\t<img width=\"794\" height=\"1024\" src=\"https:\/\/pinkanatural.com\/wp-content\/uploads\/2021\/11\/tri-lipotice-794x1024.jpg\" class=\"attachment-large size-large\" alt=\"\" loading=\"lazy\" srcset=\"https:\/\/pinkanatural.com\/wp-content\/uploads\/2021\/11\/tri-lipotice-794x1024.jpg 794w, https:\/\/pinkanatural.com\/wp-content\/uploads\/2021\/11\/tri-lipotice-233x300.jpg 233w, https:\/\/pinkanatural.com\/wp-content\/uploads\/2021\/11\/tri-lipotice-768x991.jpg 768w, https:\/\/pinkanatural.com\/wp-content\/uploads\/2021\/11\/tri-lipotice-1191x1536.jpg 1191w, https:\/\/pinkanatural.com\/wp-content\/uploads\/2021\/11\/tri-lipotice-1588x2048.jpg 1588w, https:\/\/pinkanatural.com\/wp-content\/uploads\/2021\/11\/tri-lipotice-9x12.jpg 9w, https:\/\/pinkanatural.com\/wp-content\/uploads\/2021\/11\/tri-lipotice-47x60.jpg 47w, https:\/\/pinkanatural.com\/wp-content\/uploads\/2021\/11\/tri-lipotice-600x774.jpg 600w, https:\/\/pinkanatural.com\/wp-content\/uploads\/2021\/11\/tri-lipotice-scaled.jpg 1984w\" sizes=\"(max-width: 794px) 100vw, 794px\" \/>\t\t\t\t\t\t\t\t\t\t\t<\/div>\n\t\t\t\t<\/div>\n\t\t\t\t<\/div>\n\t\t\t\t\t\t<\/div>\n\t\t\t\t\t<\/div>\n\t\t<\/div>\n\t\t\t\t<div class=\"elementor-column elementor-col-33 elementor-inner-column elementor-element elementor-element-c1fea01\" data-id=\"c1fea01\" data-element_type=\"column\">\n\t\t\t<div class=\"elementor-column-wrap elementor-element-populated\">\n\t\t\t\t\t\t\t<div class=\"elementor-widget-wrap\">\n\t\t\t\t\t\t<div class=\"elementor-element elementor-element-5001530 elementor-widget elementor-widget-text-editor\" data-id=\"5001530\" data-element_type=\"widget\" data-widget_type=\"text-editor.default\">\n\t\t\t\t<div class=\"elementor-widget-container\">\n\t\t\t\t\t<div class=\"elementor-text-editor elementor-clearfix\"><p><b>Tri lipotice<\/b><\/p><p>0,75 L (staklena boca)<\/p><p>0,5 L (staklena boca)<\/p><p>0,25 L (staklena boca)<\/p><p>For orders, please contact us at:<\/p><p>Email: <span style=\"text-align: start\"><a href=\"mailto:opgpinkagospodnetic@gmail.com\">opgpinkagospodnetic@gmail.com<\/a><br \/><\/span><span style=\"text-align: start\">Mobile:\u00a0<\/span><a href=\"tel:+385915384541\" target=\"_blank\" rel=\"noopener\">+385 91 5384541<\/a><span style=\"text-align: start\"><br \/><\/span>Facebook:\u00a0<a style=\"background-color: #ffffff\" href=\"https:\/\/www.facebook.com\/OPGPinkaGospodnetic\" target=\"_blank\" rel=\"noopener\">OPGPinkaGospodnetic<\/a><\/p><\/div>\n\t\t\t\t<\/div>\n\t\t\t\t<\/div>\n\t\t\t\t\t\t<\/div>\n\t\t\t\t\t<\/div>\n\t\t<\/div>\n\t\t\t\t\t\t\t\t<\/div>\n\t\t\t\t\t<\/div>\n\t\t<\/section>\n\t\t\t\t\t\t<\/div>\n\t\t\t\t\t<\/div>\n\t\t<\/div>\n\t\t\t\t\t\t\t\t<\/div>\n\t\t\t\t\t<\/div>\n\t\t<\/section>\n\t\t\t\t<section class=\"elementor-section elementor-top-section elementor-element elementor-element-c62b9ab elementor-section-boxed elementor-section-height-default elementor-section-height-default\" data-id=\"c62b9ab\" data-element_type=\"section\">\n\t\t\t\t\t\t<div class=\"elementor-container elementor-column-gap-default\">\n\t\t\t\t\t\t\t<div class=\"elementor-row\">\n\t\t\t\t\t<div class=\"elementor-column elementor-col-100 elementor-top-column elementor-element elementor-element-e1a56df\" data-id=\"e1a56df\" data-element_type=\"column\">\n\t\t\t<div class=\"elementor-column-wrap elementor-element-populated\">\n\t\t\t\t\t\t\t<div class=\"elementor-widget-wrap\">\n\t\t\t\t\t\t<section class=\"elementor-section elementor-inner-section elementor-element elementor-element-0f00845 elementor-section-boxed elementor-section-height-default elementor-section-height-default\" data-id=\"0f00845\" data-element_type=\"section\">\n\t\t\t\t\t\t<div class=\"elementor-container elementor-column-gap-default\">\n\t\t\t\t\t\t\t<div class=\"elementor-row\">\n\t\t\t\t\t<div class=\"elementor-column elementor-col-50 elementor-inner-column elementor-element elementor-element-2849518\" data-id=\"2849518\" data-element_type=\"column\">\n\t\t\t<div class=\"elementor-column-wrap elementor-element-populated\">\n\t\t\t\t\t\t\t<div class=\"elementor-widget-wrap\">\n\t\t\t\t\t\t<div class=\"elementor-element elementor-element-8d3a1f5 elementor-widget elementor-widget-image\" data-id=\"8d3a1f5\" data-element_type=\"widget\" data-widget_type=\"image.default\">\n\t\t\t\t<div class=\"elementor-widget-container\">\n\t\t\t\t\t<div class=\"elementor-image\">\n\t\t\t\t\t\t\t\t\t\t<img width=\"768\" height=\"1024\" src=\"https:\/\/pinkanatural.com\/wp-content\/uploads\/2021\/11\/litrica-sa-maslnama-768x1024.jpg\" class=\"attachment-large size-large\" alt=\"\" loading=\"lazy\" srcset=\"https:\/\/pinkanatural.com\/wp-content\/uploads\/2021\/11\/litrica-sa-maslnama-768x1024.jpg 768w, https:\/\/pinkanatural.com\/wp-content\/uploads\/2021\/11\/litrica-sa-maslnama-225x300.jpg 225w, https:\/\/pinkanatural.com\/wp-content\/uploads\/2021\/11\/litrica-sa-maslnama-1152x1536.jpg 1152w, https:\/\/pinkanatural.com\/wp-content\/uploads\/2021\/11\/litrica-sa-maslnama-1536x2048.jpg 1536w, https:\/\/pinkanatural.com\/wp-content\/uploads\/2021\/11\/litrica-sa-maslnama-9x12.jpg 9w, https:\/\/pinkanatural.com\/wp-content\/uploads\/2021\/11\/litrica-sa-maslnama-45x60.jpg 45w, https:\/\/pinkanatural.com\/wp-content\/uploads\/2021\/11\/litrica-sa-maslnama-600x800.jpg 600w, https:\/\/pinkanatural.com\/wp-content\/uploads\/2021\/11\/litrica-sa-maslnama-scaled.jpg 1920w\" sizes=\"(max-width: 768px) 100vw, 768px\" \/>\t\t\t\t\t\t\t\t\t\t\t<\/div>\n\t\t\t\t<\/div>\n\t\t\t\t<\/div>\n\t\t\t\t<div class=\"elementor-element elementor-element-22c2d90 elementor-widget elementor-widget-text-editor\" data-id=\"22c2d90\" data-element_type=\"widget\" data-widget_type=\"text-editor.default\">\n\t\t\t\t<div class=\"elementor-widget-container\">\n\t\t\t\t\t<div class=\"elementor-text-editor elementor-clearfix\"><\/div>\n\t\t\t\t<\/div>\n\t\t\t\t<\/div>\n\t\t\t\t\t\t<\/div>\n\t\t\t\t\t<\/div>\n\t\t<\/div>\n\t\t\t\t<div class=\"elementor-column elementor-col-50 elementor-inner-column elementor-element elementor-element-321cfd3\" data-id=\"321cfd3\" data-element_type=\"column\">\n\t\t\t<div class=\"elementor-column-wrap elementor-element-populated\">\n\t\t\t\t\t\t\t<div class=\"elementor-widget-wrap\">\n\t\t\t\t\t\t<div class=\"elementor-element elementor-element-e3a38fe elementor-widget elementor-widget-text-editor\" data-id=\"e3a38fe\" data-element_type=\"widget\" data-widget_type=\"text-editor.default\">\n\t\t\t\t<div class=\"elementor-widget-container\">\n\t\t\t\t\t<div class=\"elementor-text-editor elementor-clearfix\"><p><b>Ecological Extra Virgin Olive Oil<\/b><\/p>\n<p>1 litra (staklena boca)<\/p>\n<p>For orders, please contact us at:<\/p>\n<p>E-mail:&nbsp;<span style=\"text-align: start\"><a href=\"mailto:opgpinkagospodnetic@gmail.com\">opgpinkagospodnetic@gmail.com<\/a><br><\/span><span style=\"text-align: start\">Mobile:&nbsp;<\/span><a href=\"tel:+385915384541\" target=\"_blank\" rel=\"noopener\">+385 91 5384541<\/a><span style=\"text-align: start\"><br><\/span>Facebook:&nbsp;<a style=\"background-color: #ffffff\" href=\"https:\/\/www.facebook.com\/OPGPinkaGospodnetic\" target=\"_blank\" rel=\"noopener\">OPGPinkaGospodnetic<\/a><\/p><\/div>\n\t\t\t\t<\/div>\n\t\t\t\t<\/div>\n\t\t\t\t\t\t<\/div>\n\t\t\t\t\t<\/div>\n\t\t<\/div>\n\t\t\t\t\t\t\t\t<\/div>\n\t\t\t\t\t<\/div>\n\t\t<\/section>\n\t\t\t\t\t\t<\/div>\n\t\t\t\t\t<\/div>\n\t\t<\/div>\n\t\t\t\t\t\t\t\t<\/div>\n\t\t\t\t\t<\/div>\n\t\t<\/section>\n\t\t\t\t<section class=\"elementor-section elementor-top-section elementor-element elementor-element-0fa1c79 elementor-section-boxed elementor-section-height-default elementor-section-height-default\" data-id=\"0fa1c79\" data-element_type=\"section\">\n\t\t\t\t\t\t<div class=\"elementor-container elementor-column-gap-default\">\n\t\t\t\t\t\t\t<div class=\"elementor-row\">\n\t\t\t\t\t<div class=\"elementor-column elementor-col-100 elementor-top-column elementor-element elementor-element-6217252\" data-id=\"6217252\" data-element_type=\"column\">\n\t\t\t<div class=\"elementor-column-wrap\">\n\t\t\t\t\t\t\t<div class=\"elementor-widget-wrap\">\n\t\t\t\t\t\t\t\t<\/div>\n\t\t\t\t\t<\/div>\n\t\t<\/div>\n\t\t\t\t\t\t\t\t<\/div>\n\t\t\t\t\t<\/div>\n\t\t<\/section>\n\t\t\t\t\t\t<\/div>\n\t\t\t\t\t\t<\/div>\n\t\t\t\t\t<\/div>","protected":false},"excerpt":{"rendered":"<p>Tri lipotice 0,75 L (staklena boca) 0,5 L (staklena boca) 0,25 L (staklena boca) Za narud\u017ebe ulja molimo kontaktirajte nas na: Email: opgpinkagospodnetic@gmail.comMobitel:\u00a0+385 91 5384541Facebook:\u00a0OPGPinkaGospodnetic Ekolo\u0161ko ekstra djevi\u010dansko maslinovo ulje 1 litra (staklena boca) Za narud\u017ebe ulja molimo kontaktirajte nas na: E-mail:&nbsp;opgpinkagospodnetic@gmail.comMobitel:&nbsp;+385 91 5384541Facebook:&nbsp;OPGPinkaGospodnetic<\/p>","protected":false},"author":1,"featured_media":0,"parent":0,"menu_order":0,"comment_status":"closed","ping_status":"closed","template":"","meta":[],"_links":{"self":[{"href":"https:\/\/pinkanatural.com\/en\/wp-json\/wp\/v2\/pages\/847"}],"collection":[{"href":"https:\/\/pinkanatural.com\/en\/wp-json\/wp\/v2\/pages"}],"about":[{"href":"https:\/\/pinkanatural.com\/en\/wp-json\/wp\/v2\/types\/page"}],"author":[{"embeddable":true,"href":"https:\/\/pinkanatural.com\/en\/wp-json\/wp\/v2\/users\/1"}],"replies":[{"embeddable":true,"href":"https:\/\/pinkanatural.com\/en\/wp-json\/wp\/v2\/comments?post=847"}],"version-history":[{"count":56,"href":"https:\/\/pinkanatural.com\/en\/wp-json\/wp\/v2\/pages\/847\/revisions"}],"predecessor-version":[{"id":1303,"href":"https:\/\/pinkanatural.com\/en\/wp-json\/wp\/v2\/pages\/847\/revisions\/1303"}],"wp:attachment":[{"href":"https:\/\/pinkanatural.com\/en\/wp-json\/wp\/v2\/media?parent=847"}],"curies":[{"name":"wp","href":"https:\/\/api.w.org\/{rel}","templated":true}]}}