{"id":1333,"date":"2024-03-09T18:13:25","date_gmt":"2024-03-09T17:13:25","guid":{"rendered":"https:\/\/pinkanatural.com\/?post_type=product&#038;p=1333"},"modified":"2025-03-16T16:00:24","modified_gmt":"2025-03-16T15:00:24","slug":"milla-face-fluid","status":"publish","type":"product","link":"https:\/\/pinkanatural.com\/en\/product\/milla-face-fluid\/","title":{"rendered":"Milla face fluid"},"content":{"rendered":"<p>MILLA Face fluid<\/p>\n<p>Nje\u017ena i prirodna emulzija za njegu ko\u017ee lica, vrata i dekoltea. Milla je fluid lagane teksture, brzo upijaju\u0107i. Ovaj fluid ne znoji lice te pru\u017ea ko\u017ei lagan i gladak osje\u0107aj ugode. Idealan je izbor za dnevnu njegu mje\u0161ovitog i normalnog tip ko\u017ee lica. Kombinacija hladno pre\u0161anih biljnih ulja i voskova (Marelica, Jojoba, sjemenke Gro\u017e\u0111a) dubinski hrani i njeguje ko\u017eu. Va\u0161a ko\u017ea je blistava, svje\u017ea i odmorna zahvaljuju\u0107i aktivnim tvarima (Aloe Vera, eteri\u010dno ulje Smilja, ulje sjemenki \u010cileanske Maline, ulje ploda Divlje Ru\u017ee) u MILLA fluidu. Hidrolat Smilja, Alantoin i Hijaluronska kiselina potpoma\u017eu intenzivnoj hidrataciji, umiruju\u0107em djelovanju, prirodnoj regeneraciji, anti-age-u i depigmentaciji ko\u017ee (ekstrakt Tratin\u010dice, Niacinamid). Ova nje\u017ena emulzija sadr\u017ei jedinstven i svestran emulgator, Hitecream, koji tvori mre\u017eu teku\u0107ih kristala, koja mo\u017ee stabilizirati emulziju, dati bolju razmazivost i prianjanje na ko\u017eu te smanjiti transepidermalni gubitak vode. Ugodan svilenkasti dodir, osje\u0107aj glatko\u0107e i svje\u017eine tijekom primjene, hidratacija i blistavost ko\u017ee doprinose mla\u0111em i zdravijem izgledu ko\u017ee.<\/p>\n<p>Gentle and natural emulsion for Face &amp; Neck &amp; Decollete\u2019 Skin Care. Milla is a fluid of light and fast absorbing texture. This fluid does not sweat the face and gives the skin a light and smooth feeling of comfort. Ideal for daily care of mixed and normal skin. Combination of cold pressed oils and waxes (Apricot Kernel Oil, Jojoba, Grape Seed Oil) deeply nourishes the skin. Your skin is illuminating, fresh and relaxed thanks to the active ingredients (Aloe Vera, Immortelle Essential Oil, Red Raspberry Seed Oil, Rose Hip Oil) in MILLA Face fluid. Intense hydration, soothing action, natural regeneration, age defense and depigmentation of the skin are facilitated from Immortelle Hydrosol, Allantoin, Hyaluronic Acid, Niacinamide and Daisy Flower extract. This gentle emulsion contains Hiteacream, a unique versatile emulsifier, that forms a liquid crystals network able to stabilize the emulsion, to give better spreadability and adhesion on the skin and to reduce trans-epidermal water loss. A pleasant silky touch, good smoothness, and a feeling of freshness during the application, moisturization and radiance of the skin, bring the guarantee of younger and healthier looking skin.<\/p>","protected":false},"excerpt":{"rendered":"<p>MILLA Face fluid Nje\u017ena i prirodna emulzija za njegu ko\u017ee lica, vrata i dekoltea. Milla je fluid lagane teksture, brzo upijaju\u0107i. Ovaj fluid ne znoji lice te pru\u017ea ko\u017ei lagan i gladak osje\u0107aj ugode. Idealan je izbor za dnevnu njegu mje\u0161ovitog i normalnog tip ko\u017ee lica. Kombinacija hladno pre\u0161anih biljnih ulja i voskova (Marelica, Jojoba, &hellip; <\/p>","protected":false},"featured_media":1335,"comment_status":"open","ping_status":"closed","template":"","meta":[],"_links":{"self":[{"href":"https:\/\/pinkanatural.com\/en\/wp-json\/wp\/v2\/product\/1333"}],"collection":[{"href":"https:\/\/pinkanatural.com\/en\/wp-json\/wp\/v2\/product"}],"about":[{"href":"https:\/\/pinkanatural.com\/en\/wp-json\/wp\/v2\/types\/product"}],"replies":[{"embeddable":true,"href":"https:\/\/pinkanatural.com\/en\/wp-json\/wp\/v2\/comments?post=1333"}],"wp:featuredmedia":[{"embeddable":true,"href":"https:\/\/pinkanatural.com\/en\/wp-json\/wp\/v2\/media\/1335"}],"wp:attachment":[{"href":"https:\/\/pinkanatural.com\/en\/wp-json\/wp\/v2\/media?parent=1333"}],"curies":[{"name":"wp","href":"https:\/\/api.w.org\/{rel}","templated":true}]}}